{"id":2169,"date":"2023-09-03T21:41:22","date_gmt":"2023-09-03T21:41:22","guid":{"rendered":"https:\/\/decodesignlab.com\/?page_id=2169"},"modified":"2023-09-11T09:03:30","modified_gmt":"2023-09-11T09:03:30","slug":"aviso-legal","status":"publish","type":"page","link":"https:\/\/decodesignlab.com\/es\/aviso-legal\/","title":{"rendered":"aviso-legal"},"content":{"rendered":"\t\t<div data-elementor-type=\"wp-page\" data-elementor-id=\"2169\" class=\"elementor elementor-2169\" data-elementor-post-type=\"page\">\n\t\t\t\t\t\t<section class=\"elementor-section elementor-top-section elementor-element elementor-element-a862219 elementor-section-full_width elementor-section-height-min-height elementor-section-height-default elementor-section-items-middle\" data-id=\"a862219\" data-element_type=\"section\" data-e-type=\"section\" data-settings=\"{&quot;background_background&quot;:&quot;classic&quot;}\">\n\t\t\t\t\t\t<div class=\"elementor-container elementor-column-gap-no\">\n\t\t\t\t\t<div class=\"elementor-column elementor-col-100 elementor-top-column elementor-element elementor-element-ed9bea6\" data-id=\"ed9bea6\" data-element_type=\"column\" data-e-type=\"column\">\n\t\t\t<div class=\"elementor-widget-wrap elementor-element-populated\">\n\t\t\t\t\t\t<div class=\"elementor-element elementor-element-438ed55 elementor-widget__width-initial elementor-widget elementor-widget-heading\" data-id=\"438ed55\" data-element_type=\"widget\" data-e-type=\"widget\" data-widget_type=\"heading.default\">\n\t\t\t\t<div class=\"elementor-widget-container\">\n\t\t\t\t\t<h2 class=\"elementor-heading-title elementor-size-default\">Aviso Legal<\/h2>\t\t\t\t<\/div>\n\t\t\t\t<\/div>\n\t\t\t\t<div class=\"elementor-element elementor-element-b0b5161 elementor-widget elementor-widget-text-editor\" data-id=\"b0b5161\" data-element_type=\"widget\" data-e-type=\"widget\" data-widget_type=\"text-editor.default\">\n\t\t\t\t<div class=\"elementor-widget-container\">\n\t\t\t\t\t\t\t\t\t<p><strong>OBJETO<\/strong><\/p><p>La presente p\u00e1gina Web ha sido creada para dar a conocer los servicios y productos ofertados por la entidad URBANIA DECO, S.L. (en adelante URBANIA), as\u00ed como para la recepci\u00f3n de posibles clientes y contactos comerciales. As\u00ed mismo, se pueden conocer a trav\u00e9s de esta p\u00e1gina web productos y servicios de otras sociedades directamente relacionadas con URBANIA.<\/p><p>Dicha sociedad est\u00e1 inscrita en el Registro Mercantil de Madrid al Diario 151, asiento 651, en el tomo 41988, folio 123, inscripci\u00f3n 1 con hoja M-743515, con NIF B-88519004 y domicilio en Calle Vel\u00e1zquez n\u00famero 10, 2\u00ba izquierda, Madrid, con C\u00f3digo Postal 28001, Espa\u00f1a.<\/p><p>Adem\u00e1s de en la direcci\u00f3n postal indicada en el p\u00e1rrafo previo, puede ponerse en contacto con nosotros a trav\u00e9s del siguiente email: <a style=\"color: white;\" href=\"mailto:protecciondatos@byurbania.com\">protecciondatos@byurbania.com<\/a><\/p><p><strong>PROPIEDAD INTELECTUAL E INDUSTRIAL<\/strong><\/p><p>Los derechos de propiedad intelectual de la p\u00e1gina <a style=\"color: white;\" href=\"https:\/\/decodesignlab.com\/\">www.decobyurbania.com,<\/a> su c\u00f3digo fuente, dise\u00f1o, estructuras de navegaci\u00f3n y los distintos elementos en ella contenidos son titularidad de URBANIA, a quien corresponde el ejercicio exclusivo de los derechos de explotaci\u00f3n de los mismos en cualquier forma y, en especial, los derechos de reproducci\u00f3n, distribuci\u00f3n, comunicaci\u00f3n p\u00fablica y transformaci\u00f3n, de acuerdo con la legislaci\u00f3n espa\u00f1ola y de la uni\u00f3n europea aplicable.<\/p><p>El portal de URBANIA, las p\u00e1ginas que comprende y la informaci\u00f3n o elementos contenidos en las mismas, incluyen textos, documentos, fotograf\u00edas, dibujos, representaciones gr\u00e1ficas, programas inform\u00e1ticos, as\u00ed como logotipos, marcas, nombres comerciales, u otros signos distintivos, protegidos por derechos de propiedad intelectual o industrial, de los que URBANIA son titulares o leg\u00edtimas licenciatarias.<\/p><p><strong>CONTENIDOS<\/strong><\/p><p>Se facilita a trav\u00e9s de esta Web informaci\u00f3n acerca de servicios destinados a conocimiento p\u00fablico que en todo caso se sujetar\u00e1n a los t\u00e9rminos y condiciones expresamente detallados en cada momento, los cuales se someter\u00e1n a las distintas disposiciones legales de aplicaci\u00f3n.<\/p><p><strong>ACCESO Y USO<\/strong><\/p><p>Tanto el acceso a esta p\u00e1gina Web, como el uso que pueda hacerse de la informaci\u00f3n y contenidos incluidos en la misma, ser\u00e1 de la exclusiva responsabilidad de quien lo realice. Las condiciones de acceso a este Web estar\u00e1n supeditadas a la legalidad vigente y los principios de la buena fe y uso l\u00edcito por parte del usuario de la misma, quedando prohibido con car\u00e1cter general cualquier tipo de actuaci\u00f3n en perjuicio de URBANIA.<\/p><p>Se considerar\u00e1 terminantemente prohibido el uso de la presente p\u00e1gina Web con fines ilegales o no autorizados.<\/p><p>Queda prohibida cualquier modalidad de explotaci\u00f3n, incluyendo todo tipo de reproducci\u00f3n, distribuci\u00f3n, cesi\u00f3n a terceros, comunicaci\u00f3n p\u00fablica y transformaci\u00f3n, mediante cualquier tipo de soporte y medio, de las obras antes referidas, creaciones y signos distintivos sin autorizaci\u00f3n previa y expresa de sus respectivos titulares. El incumplimiento de esta prohibici\u00f3n podr\u00e1 constituir infracci\u00f3n sancionable por la legislaci\u00f3n vigente.<\/p><p>No obstante, por su cuenta y riesgo, el usuario podr\u00e1 descargar o realizar copia de tales elementos exclusivamente para su uso personal, siempre que no infrinja ninguno de los derechos de propiedad intelectual o industrial de URBANIA, ni los altere total o parcialmente. En ning\u00fan caso, ello significar\u00e1 una autorizaci\u00f3n o licencia sobre los derechos de propiedad de URBANIA.<\/p><p>Queda prohibido, salvo en los casos que expresamente lo autorice URBANIA, presentar las p\u00e1ginas de URBANIA, o la informaci\u00f3n contenida en ellas bajo frames o marcos, signos distintivos, marcas o denominaciones sociales o comerciales de otra persona, empresa o entidad.<\/p><p><strong>RESPONSABILIDAD<\/strong><\/p><p>URBANIA no se hace responsable bajo ning\u00fan concepto por ning\u00fan tipo de da\u00f1o que pudiesen ocasionar los Usuarios a la presente p\u00e1gina Web, o a cualquier otra, por el uso ilegal o indebido de la misma, o de los contenidos e informaciones accesibles o facilitadas a trav\u00e9s de ella.<\/p><p><strong>SERVICIO<\/strong><\/p><p>URBANIA se reserva el derecho de suspender el acceso a su p\u00e1gina Web, sin previo aviso, de forma discrecional y temporal, por razones t\u00e9cnicas o de cualquier otra \u00edndole, pudiendo asimismo modificar unilateralmente tanto las condiciones de acceso, como la totalidad o parte de los contenidos en ella incluidos.<\/p><p><strong>HIPERENLACES<\/strong><\/p><p>Los hiperenlaces contenidos en el sitio Web de URBANIA pueden dirigir a p\u00e1ginas Web de terceros. URBANIA no asume ninguna responsabilidad por el contenido, informaciones o servicios que pudieran aparecer en dichos sitios, que tendr\u00e1n exclusivamente car\u00e1cter informativo y que en ning\u00fan caso implican relaci\u00f3n alguna entre URBANIA y a las personas o entidades titulares de tales contenidos o titulares de los sitios donde se encuentren.<\/p><p><strong>LEGISLACI\u00d3N APLICABLE Y JURISDICCI\u00d3N<\/strong><\/p><p>Las condiciones expuestas se rigen por la legislaci\u00f3n espa\u00f1ola. Para cualquier divergencia surgida del presente Aviso Legal, ambas partes se someten expresamente a los tribunales de la provincia de M\u00e1laga.<\/p>\t\t\t\t\t\t\t\t<\/div>\n\t\t\t\t<\/div>\n\t\t\t\t\t<\/div>\n\t\t<\/div>\n\t\t\t\t\t<\/div>\n\t\t<\/section>\n\t\t\t\t<\/div>\n\t\t","protected":false},"excerpt":{"rendered":"<p>Aviso Legal OBJETO La presente p\u00e1gina Web ha sido creada para dar a conocer los servicios y productos ofertados por la entidad URBANIA DECO, S.L. (en adelante URBANIA), as\u00ed como para la recepci\u00f3n de posibles clientes y contactos comerciales. As\u00ed mismo, se pueden conocer a trav\u00e9s de esta p\u00e1gina web productos y servicios de otras [&hellip;]<\/p>\n","protected":false},"author":1,"featured_media":0,"parent":0,"menu_order":0,"comment_status":"closed","ping_status":"closed","template":"elementor_canvas","meta":{"footnotes":""},"class_list":["post-2169","page","type-page","status-publish","hentry"],"yoast_head":"<!-- This site is optimized with the Yoast SEO plugin v26.8 - https:\/\/yoast.com\/product\/yoast-seo-wordpress\/ -->\n<title>aviso-legal - DECO by Urbania<\/title>\n<meta name=\"robots\" content=\"index, follow, max-snippet:-1, max-image-preview:large, max-video-preview:-1\" \/>\n<link rel=\"canonical\" href=\"https:\/\/decodesignlab.com\/es\/aviso-legal\/\" \/>\n<meta property=\"og:locale\" content=\"es_ES\" \/>\n<meta property=\"og:type\" content=\"article\" \/>\n<meta property=\"og:title\" content=\"aviso-legal - DECO by Urbania\" \/>\n<meta property=\"og:description\" content=\"Aviso Legal OBJETO La presente p\u00e1gina Web ha sido creada para dar a conocer los servicios y productos ofertados por la entidad URBANIA DECO, S.L. (en adelante URBANIA), as\u00ed como para la recepci\u00f3n de posibles clientes y contactos comerciales. As\u00ed mismo, se pueden conocer a trav\u00e9s de esta p\u00e1gina web productos y servicios de otras [&hellip;]\" \/>\n<meta property=\"og:url\" content=\"https:\/\/decodesignlab.com\/es\/aviso-legal\/\" \/>\n<meta property=\"og:site_name\" content=\"DECO by Urbania\" \/>\n<meta property=\"article:modified_time\" content=\"2023-09-11T09:03:30+00:00\" \/>\n<meta name=\"twitter:card\" content=\"summary_large_image\" \/>\n<meta name=\"twitter:label1\" content=\"Tiempo de lectura\" \/>\n\t<meta name=\"twitter:data1\" content=\"4 minutos\" \/>\n<script type=\"application\/ld+json\" class=\"yoast-schema-graph\">{\"@context\":\"https:\/\/schema.org\",\"@graph\":[{\"@type\":\"WebPage\",\"@id\":\"https:\/\/decodesignlab.com\/es\/aviso-legal\/\",\"url\":\"https:\/\/decodesignlab.com\/es\/aviso-legal\/\",\"name\":\"aviso-legal - DECO by Urbania\",\"isPartOf\":{\"@id\":\"https:\/\/decodesignlab.com\/#website\"},\"datePublished\":\"2023-09-03T21:41:22+00:00\",\"dateModified\":\"2023-09-11T09:03:30+00:00\",\"breadcrumb\":{\"@id\":\"https:\/\/decodesignlab.com\/es\/aviso-legal\/#breadcrumb\"},\"inLanguage\":\"es\",\"potentialAction\":[{\"@type\":\"ReadAction\",\"target\":[\"https:\/\/decodesignlab.com\/es\/aviso-legal\/\"]}]},{\"@type\":\"BreadcrumbList\",\"@id\":\"https:\/\/decodesignlab.com\/es\/aviso-legal\/#breadcrumb\",\"itemListElement\":[{\"@type\":\"ListItem\",\"position\":1,\"name\":\"Home\",\"item\":\"https:\/\/decodesignlab.com\/es\/\"},{\"@type\":\"ListItem\",\"position\":2,\"name\":\"aviso-legal\"}]},{\"@type\":\"WebSite\",\"@id\":\"https:\/\/decodesignlab.com\/#website\",\"url\":\"https:\/\/decodesignlab.com\/\",\"name\":\"Decobyurbania\",\"description\":\"Deco\",\"publisher\":{\"@id\":\"https:\/\/decodesignlab.com\/#organization\"},\"alternateName\":\"Decobyurbania\",\"potentialAction\":[{\"@type\":\"SearchAction\",\"target\":{\"@type\":\"EntryPoint\",\"urlTemplate\":\"https:\/\/decodesignlab.com\/?s={search_term_string}\"},\"query-input\":{\"@type\":\"PropertyValueSpecification\",\"valueRequired\":true,\"valueName\":\"search_term_string\"}}],\"inLanguage\":\"es\"},{\"@type\":\"Organization\",\"@id\":\"https:\/\/decodesignlab.com\/#organization\",\"name\":\"DecobyUrbania\",\"url\":\"https:\/\/decodesignlab.com\/\",\"logo\":{\"@type\":\"ImageObject\",\"inLanguage\":\"es\",\"@id\":\"https:\/\/decodesignlab.com\/#\/schema\/logo\/image\/\",\"url\":\"https:\/\/decodesignlab.com\/wp-content\/uploads\/2023\/09\/DBU_favicon_negative.png\",\"contentUrl\":\"https:\/\/decodesignlab.com\/wp-content\/uploads\/2023\/09\/DBU_favicon_negative.png\",\"width\":1772,\"height\":1772,\"caption\":\"DecobyUrbania\"},\"image\":{\"@id\":\"https:\/\/decodesignlab.com\/#\/schema\/logo\/image\/\"}}]}<\/script>\n<!-- \/ Yoast SEO plugin. -->","yoast_head_json":{"title":"aviso-legal - DECO by Urbania","robots":{"index":"index","follow":"follow","max-snippet":"max-snippet:-1","max-image-preview":"max-image-preview:large","max-video-preview":"max-video-preview:-1"},"canonical":"https:\/\/decodesignlab.com\/es\/aviso-legal\/","og_locale":"es_ES","og_type":"article","og_title":"aviso-legal - DECO by Urbania","og_description":"Aviso Legal OBJETO La presente p\u00e1gina Web ha sido creada para dar a conocer los servicios y productos ofertados por la entidad URBANIA DECO, S.L. (en adelante URBANIA), as\u00ed como para la recepci\u00f3n de posibles clientes y contactos comerciales. As\u00ed mismo, se pueden conocer a trav\u00e9s de esta p\u00e1gina web productos y servicios de otras [&hellip;]","og_url":"https:\/\/decodesignlab.com\/es\/aviso-legal\/","og_site_name":"DECO by Urbania","article_modified_time":"2023-09-11T09:03:30+00:00","twitter_card":"summary_large_image","twitter_misc":{"Tiempo de lectura":"4 minutos"},"schema":{"@context":"https:\/\/schema.org","@graph":[{"@type":"WebPage","@id":"https:\/\/decodesignlab.com\/es\/aviso-legal\/","url":"https:\/\/decodesignlab.com\/es\/aviso-legal\/","name":"aviso-legal - DECO by Urbania","isPartOf":{"@id":"https:\/\/decodesignlab.com\/#website"},"datePublished":"2023-09-03T21:41:22+00:00","dateModified":"2023-09-11T09:03:30+00:00","breadcrumb":{"@id":"https:\/\/decodesignlab.com\/es\/aviso-legal\/#breadcrumb"},"inLanguage":"es","potentialAction":[{"@type":"ReadAction","target":["https:\/\/decodesignlab.com\/es\/aviso-legal\/"]}]},{"@type":"BreadcrumbList","@id":"https:\/\/decodesignlab.com\/es\/aviso-legal\/#breadcrumb","itemListElement":[{"@type":"ListItem","position":1,"name":"Home","item":"https:\/\/decodesignlab.com\/es\/"},{"@type":"ListItem","position":2,"name":"aviso-legal"}]},{"@type":"WebSite","@id":"https:\/\/decodesignlab.com\/#website","url":"https:\/\/decodesignlab.com\/","name":"Decobyurbania","description":"Deco","publisher":{"@id":"https:\/\/decodesignlab.com\/#organization"},"alternateName":"Decobyurbania","potentialAction":[{"@type":"SearchAction","target":{"@type":"EntryPoint","urlTemplate":"https:\/\/decodesignlab.com\/?s={search_term_string}"},"query-input":{"@type":"PropertyValueSpecification","valueRequired":true,"valueName":"search_term_string"}}],"inLanguage":"es"},{"@type":"Organization","@id":"https:\/\/decodesignlab.com\/#organization","name":"DecobyUrbania","url":"https:\/\/decodesignlab.com\/","logo":{"@type":"ImageObject","inLanguage":"es","@id":"https:\/\/decodesignlab.com\/#\/schema\/logo\/image\/","url":"https:\/\/decodesignlab.com\/wp-content\/uploads\/2023\/09\/DBU_favicon_negative.png","contentUrl":"https:\/\/decodesignlab.com\/wp-content\/uploads\/2023\/09\/DBU_favicon_negative.png","width":1772,"height":1772,"caption":"DecobyUrbania"},"image":{"@id":"https:\/\/decodesignlab.com\/#\/schema\/logo\/image\/"}}]}},"_links":{"self":[{"href":"https:\/\/decodesignlab.com\/es\/wp-json\/wp\/v2\/pages\/2169","targetHints":{"allow":["GET"]}}],"collection":[{"href":"https:\/\/decodesignlab.com\/es\/wp-json\/wp\/v2\/pages"}],"about":[{"href":"https:\/\/decodesignlab.com\/es\/wp-json\/wp\/v2\/types\/page"}],"author":[{"embeddable":true,"href":"https:\/\/decodesignlab.com\/es\/wp-json\/wp\/v2\/users\/1"}],"replies":[{"embeddable":true,"href":"https:\/\/decodesignlab.com\/es\/wp-json\/wp\/v2\/comments?post=2169"}],"version-history":[{"count":0,"href":"https:\/\/decodesignlab.com\/es\/wp-json\/wp\/v2\/pages\/2169\/revisions"}],"wp:attachment":[{"href":"https:\/\/decodesignlab.com\/es\/wp-json\/wp\/v2\/media?parent=2169"}],"curies":[{"name":"wp","href":"https:\/\/api.w.org\/{rel}","templated":true}]}}